{"id":101,"date":"2024-08-27T13:07:34","date_gmt":"2024-08-27T13:07:34","guid":{"rendered":"https:\/\/innovationtact.org\/om-oss\/"},"modified":"2024-09-06T14:23:26","modified_gmt":"2024-09-06T14:23:26","slug":"om-oss","status":"publish","type":"page","link":"https:\/\/innovationtact.org\/sv\/om-oss\/","title":{"rendered":"Om oss"},"content":{"rendered":"\n<div class=\"wrapper\">\n        <div class=\"bg_grad\">\n            <section class=\"about\">\n    <div class=\"container\">\n        <h1 class=\"title-1\">Om oss<\/h1>\n        <p>  I den st\u00e4ndigt f\u00f6r\u00e4nderliga v\u00e4rlden av kryptovalutahandel har behovet av verkligt branschledarskap aldrig varit mer angel\u00e4get.\nVi ser en lucka p\u00e5 marknaden &#8211; bristen p\u00e5 genuin v\u00e4gledning och st\u00f6d f\u00f6r handlare.\nDenna insikt drev fram skapandet av InnovationTact.\n\u00c4ven om internet \u00e4r fullt av handelsplattformar, \u00e4r det som sticker ut avsaknaden av h\u00f6gkvalitativ service som \u00e4r avg\u00f6rande f\u00f6r handlarnas framg\u00e5ng.\nP\u00e5 InnovationTact \u00e4r v\u00e5rt \u00e5tagande att fylla detta tomrum och erbjuda en plattform som inte bara kopplar samman handlare med utbildningsresurser i toppklass utan ocks\u00e5 f\u00f6respr\u00e5kar den servicekvalitet som kr\u00e4vs f\u00f6r meningsfulla handelsprestationer.      <\/p>\n        <div class=\"block__row\">\n            <div class=\"block__col\">\n                <div class=\"block__img\">\n                    <img decoding=\"async\" src=\"https:\/\/innovationtact.org\/wp-content\/uploads\/2024\/08\/img-8.webp\" alt=\"\"\/>\n                <\/div>\n            <\/div>\n            <div class=\"block__content\">\n                <h2 class=\"title-2\">Ursprunglig historia<\/h2>\n                <p>  N\u00e4r det g\u00e4ller handelsplattformar f\u00f6r kryptovalutor utspelar sig ett vanligt scenario: m\u00e5nga drivs av anonyma \u00e4gare som hanterar sina webbplatser utan verkligt engagemang med sin anv\u00e4ndarbas.\nDessutom saknar dessa plattformar ofta 24\/7 support, ett kritiskt element n\u00e4r det g\u00e4ller att hantera anv\u00e4ndarnas investeringar.   <\/p>\n                <p>  InnovationTact skapades som ett svar p\u00e5 det utbredda problemet med underm\u00e5lig service och engagemang som pl\u00e5gar en stor del av kryptomarknaden, inklusive n\u00e5gra av dess mest framst\u00e5ende akt\u00f6rer.  <\/p>\n                <p>  InnovationTacts tillkomst \u00e4r djupt rotad i grundarens personliga resa, som har en rik bakgrund inom mjukvaruutveckling.\nHans fascination f\u00f6r de tekniska aspekterna av kryptovalutor, som blev popul\u00e4ra f\u00f6r flera \u00e5r sedan, var den gnista som ledde till skapandet av InnovationTact.\nDenna plattform handlar inte bara om transaktioner; det handlar om att fr\u00e4mja en gemenskap, tillhandah\u00e5lla orubbligt st\u00f6d och leverera en kvalitetstj\u00e4nst som handlare verkligen f\u00f6rtj\u00e4nar.    <\/p>\n            <\/div>\n        <\/div>\n        <p>  Idag har grundarens omfattande f\u00f6rst\u00e5else f\u00f6r de utmaningar som investerare p\u00e5 kryptomarknaden st\u00e5r inf\u00f6r format InnovationTacts uppdrag.\nInnovationTact \u00e4r i f\u00f6rsta hand en handelsplattform, men g\u00e5r l\u00e4ngre \u00e4n bara transaktioner.\nDen fungerar som ett omfattande resursnav som erbjuder marknadsutbildning, handelsstrategier och en m\u00e4ngd andra v\u00e4rdefulla insikter f\u00f6r b\u00e5de nyb\u00f6rjare och erfarna handlare.\nDetta dubbla fokus s\u00e4kerst\u00e4ller att InnovationTact inte bara \u00e4r en plattform f\u00f6r handel utan en h\u00f6rnsten f\u00f6r l\u00e4rande och tillv\u00e4xt i kryptohandelssamh\u00e4llet.     <\/p>\n    <\/div>\n<\/section>\n<section class=\"bg\">\n    <div class=\"container\">\n        <div class=\"block__row\">\n            <div class=\"block__content\">\n                <h2 class=\"title-2\">H\u00e5lla sig till uppdraget<\/h2>\n                <p>  P\u00e5 InnovationTact f\u00f6rkroppsligar vi det etos vi f\u00f6respr\u00e5kar.\nDet som b\u00f6rjade som ett blygsamt initiativ har blommat ut till en internationell n\u00e4rvaro som ber\u00f6r olika kulturer och \u00f6verskrider gr\u00e4nser.   <\/p>\n                <p>  V\u00e5rt engagemang placerar oss i framkant n\u00e4r det g\u00e4ller att avsl\u00f6ja nya investeringsm\u00f6jligheter p\u00e5 kryptomarknaden och positionerar oss som en ledande resurs f\u00f6r branschutbildning.\nUt\u00f6ver att sp\u00e5ra marknadstrender \u00e4r vi dedikerade till att f\u00f6rnya verktyg, tj\u00e4nster och insikter som ger v\u00e5ra investerare m\u00f6jlighet att f\u00f6rb\u00e4ttra och optimera sina portf\u00f6ljer.   <\/p>\n                <p>  Den grundl\u00e4ggande passion som v\u00e4ckte InnovationTact till liv \u00e4r orubblig och ligger till grund f\u00f6r allt vi g\u00f6r.\nV\u00e5ra handlare k\u00e4nner av detta engagemang och f\u00e5r en konkurrensf\u00f6rdel genom v\u00e5rt \u00e5tagande att f\u00f6rse dem med de senaste och mest kritiska marknadsuppgifterna, i syfte att konsekvent minimera risken och skydda deras investeringar.\nG\u00e5 med i oss och bli en del av en plattform d\u00e4r din finansiella tillv\u00e4xt \u00e4r v\u00e5rt fr\u00e4msta uppdrag.    <\/p>\n                <a href=\"\/login\/\" class=\"btn btn-join\"><\/a><a href=\"\/login\/\">G\u00e5 med i oss<\/a>\n            <\/div>\n            <div class=\"block__col\">\n                <div class=\"block__img\">\n                    <img decoding=\"async\" src=\"https:\/\/innovationtact.org\/wp-content\/uploads\/2024\/08\/img-9.webp\" alt=\"\"\/>\n                <\/div>\n            <\/div>\n        <\/div>\n    <\/div>\n<\/section>            \n<footer class=\"footer\">\n\t<div class=\"container\">\n\t\t<div class=\"footer-top\">\n\t\t\t<div class=\"flex-bl\">\n\t\t\t\t<a href=\"\/\" class=\"logo\"><img decoding=\"async\" src=\"https:\/\/innovationtact.org\/wp-content\/uploads\/2024\/09\/innovationtact-high-resolution-logo-transparent.png\" alt=\"\"\/>\n\t\t\t\t<\/a>\n\t\t\t\t<ul class=\"nav\">\n\t\t\t\t\t<li class=\"nav__link\"><a href=\"\/\"><\/a><a href=\"\/\">Hem<\/a><\/li>\n\t\t\t\t\t<li class=\"nav__link\">\n\t\t\t\t\t\t<a href=\"https:\/\/innovationtact.org\/sv\/om-oss\/\"><\/a><a href=\"https:\/\/innovationtact.org\/sv\/om-oss\/\">Om plattformen<\/a>\n\t\t\t\t\t<\/li>\n\t\t\t\t\t<li class=\"nav__link\"><a href=\"https:\/\/innovationtact.org\/sv\/kontakta-oss\/\"><\/a><a href=\"https:\/\/innovationtact.org\/sv\/kontakta-oss\/\">Kontaktsida<\/a><\/li>\n\t\t\t\t<\/ul>\n\t\t\t<\/div>\n\t\t\t<p>\n\t\t\t\t<b>Erk\u00e4nnande av risk:<\/b><br\/> Handel p\u00e5 kryptovalutamarknaden medf\u00f6r inneboende risker, precis som alla investeringsm\u00f6jligheter.\nN\u00e4r du engagerar dig p\u00e5 denna marknad m\u00e5ste du f\u00f6rst\u00e5 att det inte finns n\u00e5gra garantier f\u00f6r vinst.\nMarknadsfluktuationer kan p\u00e5verka din portf\u00f6lj positivt eller negativt vid varje given tidpunkt.    <\/p>\n\t\t\t<p>  Kryptobranschen \u00e4r mycket volatil, vilket g\u00f6r det viktigt att n\u00e4rma sig handel med en v\u00e4l genomt\u00e4nkt strategi och f\u00f6rsiktighet.\nDet \u00e4r ett k\u00e4nt faktum att cirka 70% av investerarna kan drabbas av f\u00f6rluster under sin handelsresa.   <\/p>\n\t\t\t<p>  Innan du b\u00f6rjar handla rekommenderar vi starkt att du bekantar dig med v\u00e5ra villkor och best\u00e4mmelser samt v\u00e5r integritetspolicy.\nObservera, s\u00e4rskilt f\u00f6r personer bosatta i Storbritannien, att spridningen av marknadsf\u00f6ringsmaterial som r\u00f6r CFD:er begr\u00e4nsas av FCA.   <\/p>\n\t\t\t<p>  Genom att registrera dig hos oss samtycker du till att vi delar dina personuppgifter med viktiga tredje parter i enlighet med v\u00e5ra handelstj\u00e4nster, villkor och integritetspolicy.  <\/p>\n\t\t<\/div>\n\t\t<div class=\"footer-bottom\">\n\t\t\t<div class=\"flex-bl\">\n\t\t\t\t<ul class=\"nav\">\n\t\t\t\t\t<li class=\"nav__link\">\n\t\t\t\t\t\t<a href=\"https:\/\/innovationtact.org\/policy\/\"><\/a><a href=\"https:\/\/innovationtact.org\/policy\/\">Integritetspolicy<\/a>\n\t\t\t\t\t<\/li>\n\t\t\t\t\t<li class=\"nav__link\">\n\t\t\t\t\t\t<a href=\"https:\/\/innovationtact.org\/terms\/\"><\/a><a href=\"https:\/\/innovationtact.org\/terms\/\">Villkor och anvisningar<\/a>\n\t\t\t\t\t<\/li>\n\t\t\t\t<\/ul>\n\t\t\t\t<div class=\"copyright\">  Copyrights \u00a9 2024 Alla r\u00e4ttigheter f\u00f6rbeh\u00e5llna <span> Innovation Tact<\/span>\n\t\t\t\t<\/div>\n\t\t\t<\/div>\n\t\t<\/div>\n\t<\/div>\n<\/footer>\n        <\/div>\n<\/div>","protected":false},"excerpt":{"rendered":"<p>Om oss I den st\u00e4ndigt f\u00f6r\u00e4nderliga v\u00e4rlden av kryptovalutahandel har behovet av verkligt branschledarskap aldrig&hellip;<\/p>\n","protected":false},"author":1,"featured_media":0,"parent":0,"menu_order":0,"comment_status":"closed","ping_status":"closed","template":"","meta":{"_monsterinsights_skip_tracking":false,"_monsterinsights_sitenote_active":false,"_monsterinsights_sitenote_note":"","_monsterinsights_sitenote_category":0,"footnotes":""},"class_list":["post-101","page","type-page","status-publish","hentry"],"rankMath":{"parentDomain":"innovationtact.org","noFollowDomains":[],"noFollowExcludeDomains":[],"noFollowExternalLinks":false,"featuredImageNotice":"Den utvalda bilden b\u00f6r vara minst 200 \u00d7 200 pixlar f\u00f6r den ska k\u00e4nnas igen och anv\u00e4ndas av Facebook och andra sociala media-webbplatser.","pluginReviewed":false,"postSettings":{"linkSuggestions":true,"useFocusKeyword":false},"frontEndScore":false,"postName":"om-oss","permalinkFormat":"https:\/\/innovationtact.org\/sv\/%pagename%\/","showLockModifiedDate":true,"assessor":{"focusKeywordLink":"https:\/\/innovationtact.org\/wp-admin\/edit.php?focus_keyword=%focus_keyword%&post_type=%post_type%","hasTOCPlugin":false,"primaryTaxonomy":false,"serpData":{"title":"","description":"","focusKeywords":"","pillarContent":false,"canonicalUrl":"","breadcrumbTitle":"","advancedRobots":[],"facebookTitle":"","facebookDescription":"","facebookImage":"","facebookImageID":"","facebookHasOverlay":false,"facebookImageOverlay":"","facebookAuthor":"","twitterCardType":"","twitterUseFacebook":true,"twitterTitle":"","twitterDescription":"","twitterImage":"","twitterImageID":"","twitterHasOverlay":false,"twitterImageOverlay":"","twitterPlayerUrl":"","twitterPlayerSize":"","twitterPlayerStream":"","twitterPlayerStreamCtype":"","twitterAppDescription":"","twitterAppIphoneName":"","twitterAppIphoneID":"","twitterAppIphoneUrl":"","twitterAppIpadName":"","twitterAppIpadID":"","twitterAppIpadUrl":"","twitterAppGoogleplayName":"","twitterAppGoogleplayID":"","twitterAppGoogleplayUrl":"","twitterAppCountry":"","robots":{"index":true},"twitterAuthor":"anv\u00e4ndarnamn","primaryTerm":0,"authorName":"admin","titleTemplate":"%title% %sep% %sitename%","descriptionTemplate":"%excerpt%","showScoreFrontend":true,"lockModifiedDate":false},"powerWords":["akta","belaten","beromd","betydelsefull","bevisad","blandande","effektiv","enastaende","energisk","fangslande","fantastisk","fint","framgangsrik","fullandad","fullgora","glansande","glomd","imponerande","inspirerad","kand","kraftfull","kraftig","kreativ","langtan","legendarisk","lidelsefull","livlig","maktig","minnesvard","oerhord,otrolig","oforglomlig","onskan","otrolig","palitlig","passionerad","praktfull","pris","professionell","saker","sallsynt","sensationell","skapande","speciell","stark","storslagen","stralande","tillfredstalld","trygg","underbar","ungdomlig","uppfylla","uppriktig","utmarkt","utstralande","vasentlig","viktig"],"diacritics":{"A":"[\\u0041\\u24B6\\uFF21\\u00C0\\u00C1\\u00C2\\u1EA6\\u1EA4\\u1EAA\\u1EA8\\u00C3\\u0100\\u0102\\u1EB0\\u1EAE\\u1EB4\\u1EB2\\u0226\\u01E0\\u00C4\\u01DE\\u1EA2\\u00C5\\u01FA\\u01CD\\u0200\\u0202\\u1EA0\\u1EAC\\u1EB6\\u1E00\\u0104\\u023A\\u2C6F]","AA":"[\\uA732]","AE":"[\\u00C6\\u01FC\\u01E2]","AO":"[\\uA734]","AU":"[\\uA736]","AV":"[\\uA738\\uA73A]","AY":"[\\uA73C]","B":"[\\u0042\\u24B7\\uFF22\\u1E02\\u1E04\\u1E06\\u0243\\u0182\\u0181]","C":"[\\u0043\\u24B8\\uFF23\\u0106\\u0108\\u010A\\u010C\\u00C7\\u1E08\\u0187\\u023B\\uA73E]","D":"[\\u0044\\u24B9\\uFF24\\u1E0A\\u010E\\u1E0C\\u1E10\\u1E12\\u1E0E\\u0110\\u018B\\u018A\\u0189\\uA779]","DZ":"[\\u01F1\\u01C4]","Dz":"[\\u01F2\\u01C5]","E":"[\\u0045\\u24BA\\uFF25\\u00C8\\u00C9\\u00CA\\u1EC0\\u1EBE\\u1EC4\\u1EC2\\u1EBC\\u0112\\u1E14\\u1E16\\u0114\\u0116\\u00CB\\u1EBA\\u011A\\u0204\\u0206\\u1EB8\\u1EC6\\u0228\\u1E1C\\u0118\\u1E18\\u1E1A\\u0190\\u018E]","F":"[\\u0046\\u24BB\\uFF26\\u1E1E\\u0191\\uA77B]","G":"[\\u0047\\u24BC\\uFF27\\u01F4\\u011C\\u1E20\\u011E\\u0120\\u01E6\\u0122\\u01E4\\u0193\\uA7A0\\uA77D\\uA77E]","H":"[\\u0048\\u24BD\\uFF28\\u0124\\u1E22\\u1E26\\u021E\\u1E24\\u1E28\\u1E2A\\u0126\\u2C67\\u2C75\\uA78D]","I":"[\\u0049\\u24BE\\uFF29\\u00CC\\u00CD\\u00CE\\u0128\\u012A\\u012C\\u0130\\u00CF\\u1E2E\\u1EC8\\u01CF\\u0208\\u020A\\u1ECA\\u012E\\u1E2C\\u0197]","J":"[\\u004A\\u24BF\\uFF2A\\u0134\\u0248]","K":"[\\u004B\\u24C0\\uFF2B\\u1E30\\u01E8\\u1E32\\u0136\\u1E34\\u0198\\u2C69\\uA740\\uA742\\uA744\\uA7A2]","L":"[\\u004C\\u24C1\\uFF2C\\u013F\\u0139\\u013D\\u1E36\\u1E38\\u013B\\u1E3C\\u1E3A\\u0141\\u023D\\u2C62\\u2C60\\uA748\\uA746\\uA780]","LJ":"[\\u01C7]","Lj":"[\\u01C8]","M":"[\\u004D\\u24C2\\uFF2D\\u1E3E\\u1E40\\u1E42\\u2C6E\\u019C]","N":"[\\u004E\\u24C3\\uFF2E\\u01F8\\u0143\\u00D1\\u1E44\\u0147\\u1E46\\u0145\\u1E4A\\u1E48\\u0220\\u019D\\uA790\\uA7A4]","NJ":"[\\u01CA]","Nj":"[\\u01CB]","O":"[\\u004F\\u24C4\\uFF2F\\u00D2\\u00D3\\u00D4\\u1ED2\\u1ED0\\u1ED6\\u1ED4\\u00D5\\u1E4C\\u022C\\u1E4E\\u014C\\u1E50\\u1E52\\u014E\\u022E\\u0230\\u00D6\\u022A\\u1ECE\\u0150\\u01D1\\u020C\\u020E\\u01A0\\u1EDC\\u1EDA\\u1EE0\\u1EDE\\u1EE2\\u1ECC\\u1ED8\\u01EA\\u01EC\\u00D8\\u01FE\\u0186\\u019F\\uA74A\\uA74C]","OI":"[\\u01A2]","OO":"[\\uA74E]","OU":"[\\u0222]","P":"[\\u0050\\u24C5\\uFF30\\u1E54\\u1E56\\u01A4\\u2C63\\uA750\\uA752\\uA754]","Q":"[\\u0051\\u24C6\\uFF31\\uA756\\uA758\\u024A]","R":"[\\u0052\\u24C7\\uFF32\\u0154\\u1E58\\u0158\\u0210\\u0212\\u1E5A\\u1E5C\\u0156\\u1E5E\\u024C\\u2C64\\uA75A\\uA7A6\\uA782]","S":"[\\u0053\\u24C8\\uFF33\\u1E9E\\u015A\\u1E64\\u015C\\u1E60\\u0160\\u1E66\\u1E62\\u1E68\\u0218\\u015E\\u2C7E\\uA7A8\\uA784]","T":"[\\u0054\\u24C9\\uFF34\\u1E6A\\u0164\\u1E6C\\u021A\\u0162\\u1E70\\u1E6E\\u0166\\u01AC\\u01AE\\u023E\\uA786]","TZ":"[\\uA728]","U":"[\\u0055\\u24CA\\uFF35\\u00D9\\u00DA\\u00DB\\u0168\\u1E78\\u016A\\u1E7A\\u016C\\u00DC\\u01DB\\u01D7\\u01D5\\u01D9\\u1EE6\\u016E\\u0170\\u01D3\\u0214\\u0216\\u01AF\\u1EEA\\u1EE8\\u1EEE\\u1EEC\\u1EF0\\u1EE4\\u1E72\\u0172\\u1E76\\u1E74\\u0244]","V":"[\\u0056\\u24CB\\uFF36\\u1E7C\\u1E7E\\u01B2\\uA75E\\u0245]","VY":"[\\uA760]","W":"[\\u0057\\u24CC\\uFF37\\u1E80\\u1E82\\u0174\\u1E86\\u1E84\\u1E88\\u2C72]","X":"[\\u0058\\u24CD\\uFF38\\u1E8A\\u1E8C]","Y":"[\\u0059\\u24CE\\uFF39\\u1EF2\\u00DD\\u0176\\u1EF8\\u0232\\u1E8E\\u0178\\u1EF6\\u1EF4\\u01B3\\u024E\\u1EFE]","Z":"[\\u005A\\u24CF\\uFF3A\\u0179\\u1E90\\u017B\\u017D\\u1E92\\u1E94\\u01B5\\u0224\\u2C7F\\u2C6B\\uA762]","a":"[\\u0061\\u24D0\\uFF41\\u1E9A\\u00E0\\u00E1\\u00E2\\u1EA7\\u1EA5\\u1EAB\\u1EA9\\u00E3\\u0101\\u0103\\u1EB1\\u1EAF\\u1EB5\\u1EB3\\u0227\\u01E1\\u00E4\\u01DF\\u1EA3\\u00E5\\u01FB\\u01CE\\u0201\\u0203\\u1EA1\\u1EAD\\u1EB7\\u1E01\\u0105\\u2C65\\u0250]","aa":"[\\uA733]","ae":"[\\u00E6\\u01FD\\u01E3]","ao":"[\\uA735]","au":"[\\uA737]","av":"[\\uA739\\uA73B]","ay":"[\\uA73D]","b":"[\\u0062\\u24D1\\uFF42\\u1E03\\u1E05\\u1E07\\u0180\\u0183\\u0253]","c":"[\\u0063\\u24D2\\uFF43\\u0107\\u0109\\u010B\\u010D\\u00E7\\u1E09\\u0188\\u023C\\uA73F\\u2184]","d":"[\\u0064\\u24D3\\uFF44\\u1E0B\\u010F\\u1E0D\\u1E11\\u1E13\\u1E0F\\u0111\\u018C\\u0256\\u0257\\uA77A]","dz":"[\\u01F3\\u01C6]","e":"[\\u0065\\u24D4\\uFF45\\u00E8\\u00E9\\u00EA\\u1EC1\\u1EBF\\u1EC5\\u1EC3\\u1EBD\\u0113\\u1E15\\u1E17\\u0115\\u0117\\u00EB\\u1EBB\\u011B\\u0205\\u0207\\u1EB9\\u1EC7\\u0229\\u1E1D\\u0119\\u1E19\\u1E1B\\u0247\\u025B\\u01DD]","f":"[\\u0066\\u24D5\\uFF46\\u1E1F\\u0192\\uA77C]","g":"[\\u0067\\u24D6\\uFF47\\u01F5\\u011D\\u1E21\\u011F\\u0121\\u01E7\\u0123\\u01E5\\u0260\\uA7A1\\u1D79\\uA77F]","h":"[\\u0068\\u24D7\\uFF48\\u0125\\u1E23\\u1E27\\u021F\\u1E25\\u1E29\\u1E2B\\u1E96\\u0127\\u2C68\\u2C76\\u0265]","hv":"[\\u0195]","i":"[\\u0069\\u24D8\\uFF49\\u00EC\\u00ED\\u00EE\\u0129\\u012B\\u012D\\u00EF\\u1E2F\\u1EC9\\u01D0\\u0209\\u020B\\u1ECB\\u012F\\u1E2D\\u0268\\u0131]","j":"[\\u006A\\u24D9\\uFF4A\\u0135\\u01F0\\u0249]","k":"[\\u006B\\u24DA\\uFF4B\\u1E31\\u01E9\\u1E33\\u0137\\u1E35\\u0199\\u2C6A\\uA741\\uA743\\uA745\\uA7A3]","l":"[\\u006C\\u24DB\\uFF4C\\u0140\\u013A\\u013E\\u1E37\\u1E39\\u013C\\u1E3D\\u1E3B\\u017F\\u0142\\u019A\\u026B\\u2C61\\uA749\\uA781\\uA747]","lj":"[\\u01C9]","m":"[\\u006D\\u24DC\\uFF4D\\u1E3F\\u1E41\\u1E43\\u0271\\u026F]","n":"[\\u006E\\u24DD\\uFF4E\\u01F9\\u0144\\u00F1\\u1E45\\u0148\\u1E47\\u0146\\u1E4B\\u1E49\\u019E\\u0272\\u0149\\uA791\\uA7A5]","nj":"[\\u01CC]","o":"[\\u006F\\u24DE\\uFF4F\\u00F2\\u00F3\\u00F4\\u1ED3\\u1ED1\\u1ED7\\u1ED5\\u00F5\\u1E4D\\u022D\\u1E4F\\u014D\\u1E51\\u1E53\\u014F\\u022F\\u0231\\u00F6\\u022B\\u1ECF\\u0151\\u01D2\\u020D\\u020F\\u01A1\\u1EDD\\u1EDB\\u1EE1\\u1EDF\\u1EE3\\u1ECD\\u1ED9\\u01EB\\u01ED\\u00F8\\u01FF\\u0254\\uA74B\\uA74D\\u0275]","oi":"[\\u01A3]","ou":"[\\u0223]","oo":"[\\uA74F]","p":"[\\u0070\\u24DF\\uFF50\\u1E55\\u1E57\\u01A5\\u1D7D\\uA751\\uA753\\uA755]","q":"[\\u0071\\u24E0\\uFF51\\u024B\\uA757\\uA759]","r":"[\\u0072\\u24E1\\uFF52\\u0155\\u1E59\\u0159\\u0211\\u0213\\u1E5B\\u1E5D\\u0157\\u1E5F\\u024D\\u027D\\uA75B\\uA7A7\\uA783]","s":"[\\u0073\\u24E2\\uFF53\\u015B\\u1E65\\u015D\\u1E61\\u0161\\u1E67\\u1E63\\u1E69\\u0219\\u015F\\u023F\\uA7A9\\uA785\\u1E9B]","ss":"[\\u00DF]","t":"[\\u0074\\u24E3\\uFF54\\u1E6B\\u1E97\\u0165\\u1E6D\\u021B\\u0163\\u1E71\\u1E6F\\u0167\\u01AD\\u0288\\u2C66\\uA787]","tz":"[\\uA729]","u":"[\\u0075\\u24E4\\uFF55\\u00F9\\u00FA\\u00FB\\u0169\\u1E79\\u016B\\u1E7B\\u016D\\u00FC\\u01DC\\u01D8\\u01D6\\u01DA\\u1EE7\\u016F\\u0171\\u01D4\\u0215\\u0217\\u01B0\\u1EEB\\u1EE9\\u1EEF\\u1EED\\u1EF1\\u1EE5\\u1E73\\u0173\\u1E77\\u1E75\\u0289]","v":"[\\u0076\\u24E5\\uFF56\\u1E7D\\u1E7F\\u028B\\uA75F\\u028C]","vy":"[\\uA761]","w":"[\\u0077\\u24E6\\uFF57\\u1E81\\u1E83\\u0175\\u1E87\\u1E85\\u1E98\\u1E89\\u2C73]","x":"[\\u0078\\u24E7\\uFF58\\u1E8B\\u1E8D]","y":"[\\u0079\\u24E8\\uFF59\\u1EF3\\u00FD\\u0177\\u1EF9\\u0233\\u1E8F\\u00FF\\u1EF7\\u1E99\\u1EF5\\u01B4\\u024F\\u1EFF]","z":"[\\u007A\\u24E9\\uFF5A\\u017A\\u1E91\\u017C\\u017E\\u1E93\\u1E95\\u01B6\\u0225\\u0240\\u2C6C\\uA763]"},"researchesTests":["contentHasTOC","contentHasShortParagraphs","contentHasAssets","keywordInTitle","keywordInMetaDescription","keywordInPermalink","keywordIn10Percent","keywordInContent","keywordInSubheadings","keywordInImageAlt","keywordDensity","keywordNotUsed","lengthContent","lengthPermalink","linksHasInternal","linksHasExternals","linksNotAllExternals","titleStartWithKeyword","titleSentiment","titleHasPowerWords","titleHasNumber","hasContentAI"],"hasRedirection":false,"hasBreadcrumb":false},"homeUrl":"https:\/\/innovationtact.org\/sv\/","objectID":101,"objectType":"post","locale":"sv","localeFull":"sv_SE","overlayImages":{"play":{"name":"Ikon f\u00f6r uppspelning","url":"https:\/\/innovationtact.org\/wp-content\/plugins\/seo-by-rank-math\/assets\/admin\/img\/icon-play.png","path":"\/home\/admin\/web\/innovationtact.org\/public_html\/wp-content\/plugins\/seo-by-rank-math\/assets\/admin\/img\/icon-play.png","position":"middle_center"},"gif":{"name":"GIF-ikon","url":"https:\/\/innovationtact.org\/wp-content\/plugins\/seo-by-rank-math\/assets\/admin\/img\/icon-gif.png","path":"\/home\/admin\/web\/innovationtact.org\/public_html\/wp-content\/plugins\/seo-by-rank-math\/assets\/admin\/img\/icon-gif.png","position":"middle_center"}},"defautOgImage":"https:\/\/innovationtact.org\/wp-content\/plugins\/seo-by-rank-math\/assets\/admin\/img\/social-placeholder.jpg","customPermalinks":true,"isUserRegistered":false,"autoSuggestKeywords":false,"connectSiteUrl":"https:\/\/rankmath.com\/auth?site=https%3A%2F%2Finnovationtact.org%2Fsv%2F&r=https%3A%2F%2Finnovationtact.org%2Fsv%2Fwp-json%2Fwp%2Fv2%2Fpages%2F101%3Fnonce%3D918ae3168d","maxTags":5,"trendsIcon":"<svg viewBox=\"0 0 610 610\"><path d=\"M18.85,446,174.32,290.48l58.08,58.08L76.93,504a14.54,14.54,0,0,1-20.55,0L18.83,466.48a14.54,14.54,0,0,1,0-20.55Z\" style=\"fill:#4285f4\"\/><path d=\"M242.65,242.66,377.59,377.6l-47.75,47.75a14.54,14.54,0,0,1-20.55,0L174.37,290.43l47.75-47.75A14.52,14.52,0,0,1,242.65,242.66Z\" style=\"fill:#ea4335\"\/><polygon points=\"319.53 319.53 479.26 159.8 537.34 217.88 377.61 377.62 319.53 319.53\" style=\"fill:#fabb05\"\/><path d=\"M594.26,262.73V118.61h0a16.94,16.94,0,0,0-16.94-16.94H433.2a16.94,16.94,0,0,0-12,28.92L565.34,274.71h0a16.94,16.94,0,0,0,28.92-12Z\" style=\"fill:#34a853\"\/><rect width=\"610\" height=\"610\" style=\"fill:none\"\/><\/svg>","showScore":true,"siteFavIcon":"https:\/\/innovationtact.org\/wp-content\/uploads\/2024\/09\/cropped-tact-logo-header-2-32x32.png","canUser":{"general":false,"advanced":false,"snippet":false,"social":false,"analysis":false,"analytics":false,"content_ai":false},"isPro":false,"is_front_page":false,"trendsUpgradeLink":"https:\/\/rankmath.com\/pricing\/?utm_source=Plugin&utm_medium=CE%20General%20Tab%20Trends&utm_campaign=WP","trendsUpgradeLabel":"Uppgradera","trendsPreviewImage":"https:\/\/innovationtact.org\/wp-content\/plugins\/seo-by-rank-math\/assets\/admin\/img\/trends-preview.jpg","currentEditor":false,"homepageData":{"assessor":{"powerWords":["akta","belaten","beromd","betydelsefull","bevisad","blandande","effektiv","enastaende","energisk","fangslande","fantastisk","fint","framgangsrik","fullandad","fullgora","glansande","glomd","imponerande","inspirerad","kand","kraftfull","kraftig","kreativ","langtan","legendarisk","lidelsefull","livlig","maktig","minnesvard","oerhord,otrolig","oforglomlig","onskan","otrolig","palitlig","passionerad","praktfull","pris","professionell","saker","sallsynt","sensationell","skapande","speciell","stark","storslagen","stralande","tillfredstalld","trygg","underbar","ungdomlig","uppfylla","uppriktig","utmarkt","utstralande","vasentlig","viktig"],"diacritics":true,"researchesTests":["contentHasTOC","contentHasShortParagraphs","contentHasAssets","keywordInTitle","keywordInMetaDescription","keywordInPermalink","keywordIn10Percent","keywordInContent","keywordInSubheadings","keywordInImageAlt","keywordDensity","keywordNotUsed","lengthContent","lengthPermalink","linksHasInternal","linksHasExternals","linksNotAllExternals","titleStartWithKeyword","titleSentiment","titleHasPowerWords","titleHasNumber","hasContentAI"],"hasBreadcrumb":false,"serpData":{"title":"%sitename% %page% %sep% %sitedesc%","description":"","titleTemplate":"%sitename% %page% %sep% %sitedesc%","descriptionTemplate":"","focusKeywords":"","breadcrumbTitle":"Home","robots":{"index":true},"advancedRobots":[],"facebookTitle":"","facebookDescription":"","facebookImage":"","facebookImageID":""}}},"tocTitle":"Table of Contents","tocExcludeHeadings":[],"listStyle":"ul"},"_links":{"self":[{"href":"https:\/\/innovationtact.org\/sv\/wp-json\/wp\/v2\/pages\/101","targetHints":{"allow":["GET"]}}],"collection":[{"href":"https:\/\/innovationtact.org\/sv\/wp-json\/wp\/v2\/pages"}],"about":[{"href":"https:\/\/innovationtact.org\/sv\/wp-json\/wp\/v2\/types\/page"}],"author":[{"embeddable":true,"href":"https:\/\/innovationtact.org\/sv\/wp-json\/wp\/v2\/users\/1"}],"replies":[{"embeddable":true,"href":"https:\/\/innovationtact.org\/sv\/wp-json\/wp\/v2\/comments?post=101"}],"version-history":[{"count":1,"href":"https:\/\/innovationtact.org\/sv\/wp-json\/wp\/v2\/pages\/101\/revisions"}],"predecessor-version":[{"id":103,"href":"https:\/\/innovationtact.org\/sv\/wp-json\/wp\/v2\/pages\/101\/revisions\/103"}],"wp:attachment":[{"href":"https:\/\/innovationtact.org\/sv\/wp-json\/wp\/v2\/media?parent=101"}],"curies":[{"name":"wp","href":"https:\/\/api.w.org\/{rel}","templated":true}]}}